{"id":185,"date":"2016-01-05T10:21:03","date_gmt":"2016-01-05T10:21:03","guid":{"rendered":"http:\/\/artday-wp.wossthemes.com\/?page_id=185"},"modified":"2024-07-15T14:18:01","modified_gmt":"2024-07-15T12:18:01","slug":"manifeste","status":"publish","type":"page","link":"https:\/\/shop.lescilsdukio.fr\/index.php\/manifeste\/","title":{"rendered":"NOTRE RAISON D&#8217;\u00caTRE"},"content":{"rendered":"\n<div class=\"wp-block-cover alignfull wp-duotone-000000-fcb900-1\" style=\"min-height:507px;aspect-ratio:unset;\"><span aria-hidden=\"true\" class=\"wp-block-cover__background has-background-dim-0 has-background-dim\" style=\"background-color:#5b635c\"><\/span><img loading=\"lazy\" decoding=\"async\" width=\"826\" height=\"826\" class=\"wp-block-cover__image-background wp-image-255\" alt=\"Scan de photo de famille ancienne - Indochine - guerre - Les Cils d'Ukio Editions\" src=\"http:\/\/shop.lescilsdukio.fr\/wp-content\/uploads\/2024\/02\/doc029-carre.jpg\" data-object-fit=\"cover\" srcset=\"https:\/\/shop.lescilsdukio.fr\/wp-content\/uploads\/2024\/02\/doc029-carre.jpg 826w, https:\/\/shop.lescilsdukio.fr\/wp-content\/uploads\/2024\/02\/doc029-carre-300x300.jpg 300w, https:\/\/shop.lescilsdukio.fr\/wp-content\/uploads\/2024\/02\/doc029-carre-150x150.jpg 150w, https:\/\/shop.lescilsdukio.fr\/wp-content\/uploads\/2024\/02\/doc029-carre-768x768.jpg 768w, https:\/\/shop.lescilsdukio.fr\/wp-content\/uploads\/2024\/02\/doc029-carre-350x350.jpg 350w, https:\/\/shop.lescilsdukio.fr\/wp-content\/uploads\/2024\/02\/doc029-carre-425x425.jpg 425w, https:\/\/shop.lescilsdukio.fr\/wp-content\/uploads\/2024\/02\/doc029-carre-100x100.jpg 100w\" sizes=\"auto, (max-width: 826px) 100vw, 826px\" \/><div class=\"wp-block-cover__inner-container is-layout-flow wp-block-cover-is-layout-flow\">\n<h2 class=\"wp-block-heading alignwide has-text-align-center has-white-color has-text-color\" style=\"font-size:85px\">ikigai.<\/h2>\n\n\n\n<div style=\"height:24px\" aria-hidden=\"true\" class=\"wp-block-spacer\"><\/div>\n\n\n\n<p class=\"has-text-align-center has-white-color has-text-color has-link-color has-medium-font-size wp-elements-919329ab5a8808f6f6a8625a0ffab5c1\">Passeurs de mots et de lumi\u00e8res, nous contribuons, par l&#8217;\u00e9criture biographique, <\/p>\n\n\n\n<p class=\"has-text-align-center has-white-color has-text-color has-link-color has-medium-font-size wp-elements-d99dd3f0c4de078f2a9ea21e2fc720e5\">\u00e0 r\u00e9v\u00e9ler l&#8217;<em>unique<\/em>&nbsp;et l&#8217;<em>universel<\/em>&nbsp;en chacun de nous.<\/p>\n\n\n\n<div class=\"wp-block-columns alignwide is-layout-flex wp-container-core-columns-is-layout-9d6595d7 wp-block-columns-is-layout-flex\">\n<div class=\"wp-block-column is-layout-flow wp-block-column-is-layout-flow\"><\/div>\n\n\n\n<div class=\"wp-block-column is-layout-flow wp-block-column-is-layout-flow\"><\/div>\n<\/div>\n<\/div><\/div>\n\n\n\n<p><\/p>\n\n\n\n<div style=\"height:54px\" aria-hidden=\"true\" class=\"wp-block-spacer\"><\/div>\n\n\n\n<div style=\"height:54px\" aria-hidden=\"true\" class=\"wp-block-spacer\"><\/div>\n\n\n\n<div class=\"wp-block-group alignfull has-background\" style=\"background-color:#f2f0e9\"><div class=\"wp-block-group__inner-container is-layout-flow wp-block-group-is-layout-flow\">\n<div class=\"wp-block-columns alignwide has-background is-layout-flex wp-container-core-columns-is-layout-9d6595d7 wp-block-columns-is-layout-flex\" style=\"background-color:#f5ebe0\">\n<div class=\"wp-block-column is-layout-flow wp-block-column-is-layout-flow\">\n<h1 class=\"wp-block-heading has-large-font-size\" style=\"text-transform:uppercase\"><strong>Nos engagements<\/strong><\/h1>\n<\/div>\n\n\n\n<div class=\"wp-block-column is-vertically-aligned-center is-layout-flow wp-block-column-is-layout-flow\">\n<p>\u27b3&nbsp;Nous avons le go\u00fbt des autres et de la rencontre<\/p>\n\n\n\n<p>\u27b3 Nous avons une approche documentaire et artistique du travail d&#8217;illustration<\/p>\n\n\n\n<p>\u27b3 Nous c\u00e9l\u00e9brons&nbsp;le Beau et la Po\u00e9sie des diff\u00e9rents parcours de vie&nbsp;<\/p>\n\n\n\n<p>\u27b3&nbsp;Nous pr\u00f4nons la qualit\u00e9, la cr\u00e9ativit\u00e9, et le sur-mesure<\/p>\n\n\n\n<p>\u27b3 Nous assurons la cha\u00eene compl\u00e8te de l&#8217;\u00e9dition de votre livre<\/p>\n<\/div>\n<\/div>\n<\/div><\/div>\n\n\n\n<div style=\"height:50px\" aria-hidden=\"true\" class=\"wp-block-spacer\"><\/div>\n\n\n\n<div class=\"wp-block-cover alignfull wp-duotone-000000-fcb900-2\" style=\"min-height:629px;aspect-ratio:unset;\"><span aria-hidden=\"true\" class=\"wp-block-cover__background has-luminous-vivid-amber-background-color has-background-dim-0 has-background-dim\"><\/span><img loading=\"lazy\" decoding=\"async\" width=\"1772\" height=\"1772\" class=\"wp-block-cover__image-background wp-image-256\" alt=\"Couple indiens - les cils d'Ukio\" src=\"http:\/\/shop.lescilsdukio.fr\/wp-content\/uploads\/2024\/02\/restoration-carre.jpg\" style=\"object-position:50% 2%\" data-object-fit=\"cover\" data-object-position=\"50% 2%\" srcset=\"https:\/\/shop.lescilsdukio.fr\/wp-content\/uploads\/2024\/02\/restoration-carre.jpg 1772w, https:\/\/shop.lescilsdukio.fr\/wp-content\/uploads\/2024\/02\/restoration-carre-300x300.jpg 300w, https:\/\/shop.lescilsdukio.fr\/wp-content\/uploads\/2024\/02\/restoration-carre-1024x1024.jpg 1024w, https:\/\/shop.lescilsdukio.fr\/wp-content\/uploads\/2024\/02\/restoration-carre-150x150.jpg 150w, https:\/\/shop.lescilsdukio.fr\/wp-content\/uploads\/2024\/02\/restoration-carre-768x768.jpg 768w, https:\/\/shop.lescilsdukio.fr\/wp-content\/uploads\/2024\/02\/restoration-carre-1536x1536.jpg 1536w, https:\/\/shop.lescilsdukio.fr\/wp-content\/uploads\/2024\/02\/restoration-carre-350x350.jpg 350w, https:\/\/shop.lescilsdukio.fr\/wp-content\/uploads\/2024\/02\/restoration-carre-425x425.jpg 425w, https:\/\/shop.lescilsdukio.fr\/wp-content\/uploads\/2024\/02\/restoration-carre-100x100.jpg 100w\" sizes=\"auto, (max-width: 1772px) 100vw, 1772px\" \/><div class=\"wp-block-cover__inner-container is-layout-flow wp-block-cover-is-layout-flow\">\n<h2 class=\"wp-block-heading alignwide has-text-align-center has-white-color has-text-color\" style=\"font-size:64px\">Nos valeurs<\/h2>\n\n\n\n<div style=\"height:38px\" aria-hidden=\"true\" class=\"wp-block-spacer\"><\/div>\n\n\n\n<div class=\"wp-block-group alignwide\"><div class=\"wp-block-group__inner-container is-layout-constrained wp-block-group-is-layout-constrained\">\n<div class=\"wp-block-columns alignwide is-layout-flex wp-container-core-columns-is-layout-9d6595d7 wp-block-columns-is-layout-flex\">\n<div class=\"wp-block-column is-layout-flow wp-block-column-is-layout-flow\">\n<p class=\"has-text-align-center has-white-color has-text-color has-link-color has-medium-font-size wp-elements-59e57404ac6bc0bcc0213ec77677d81d\">LE RESPECT DE LA PAROLE,&nbsp;confidentialit\u00e9<\/p>\n\n\n\n<p class=\"has-text-align-center has-white-color has-text-color has-link-color has-medium-font-size wp-elements-e4f3f0f698a8ce91eb2fced3f4545691\">DEVOIR DE M\u00c9MOIRE&nbsp;&amp;&nbsp;CR\u00c9ATIVIT\u00c9,&nbsp;mise&nbsp;en lumi\u00e8re<\/p>\n\n\n\n<p class=\"has-text-align-center has-white-color has-text-color has-link-color has-medium-font-size wp-elements-f85a5429a7fd17fc71d308f41f5b2edf\">TRANSMISSION,&nbsp;compr\u00e9hension&nbsp;&amp; partage<\/p>\n\n\n\n<p class=\"has-text-align-center has-white-color has-text-color has-link-color has-medium-font-size wp-elements-9fd66789d442d4c6bc50323c48ae19db\">TRANSPARENCE,&nbsp;clart\u00e9 &amp;&nbsp;honn\u00eatet\u00e9<\/p>\n<\/div>\n<\/div>\n<\/div><\/div>\n<\/div><\/div>\n\n\n\n<blockquote class=\"wp-block-quote has-text-align-center is-style-large is-layout-flow wp-block-quote-is-layout-flow\">\n<div style=\"height:86px\" aria-hidden=\"true\" class=\"wp-block-spacer\"><\/div>\n\n\n\n<p>\u00ab&nbsp;<em>Nous savons la puissance des&nbsp;mots. Ils caressent le&nbsp;monde,&nbsp;questionnent et fa\u00e7onnent nos&nbsp;vies.<\/em>&nbsp;\u00bb<\/p>\n\n\n\n<div style=\"height:35px\" aria-hidden=\"true\" class=\"wp-block-spacer\"><\/div>\n\n\n\n<div class=\"wp-block-columns are-vertically-aligned-center is-layout-flex wp-container-core-columns-is-layout-9d6595d7 wp-block-columns-is-layout-flex\">\n<div class=\"wp-block-column is-vertically-aligned-center is-layout-flow wp-block-column-is-layout-flow\" style=\"flex-basis:100%\">\n<div class=\"wp-block-buttons is-content-justification-center is-layout-flex wp-container-core-buttons-is-layout-16018d1d wp-block-buttons-is-layout-flex\">\n<div class=\"wp-block-button has-custom-width wp-block-button__width-75 has-custom-font-size is-style-fill has-small-font-size\"><a class=\"wp-block-button__link has-black-color has-luminous-vivid-amber-background-color has-text-color has-background has-link-color wp-element-button\" href=\"http:\/\/shop.lescilsdukio.fr\/index.php\/ecrire-son-histoire\/\" style=\"border-radius:100px\"><strong>ECRIRE SA VIE<\/strong><\/a><\/div>\n<\/div>\n<\/div>\n<\/div>\n<\/blockquote>\n\n\n\n<div style=\"height:23px\" aria-hidden=\"true\" class=\"wp-block-spacer\"><\/div>\n\n\n\n<div class=\"wp-block-columns is-layout-flex wp-container-core-columns-is-layout-9d6595d7 wp-block-columns-is-layout-flex\">\n<div class=\"wp-block-column is-layout-flow wp-block-column-is-layout-flow\"><div class=\"wp-block-image\">\n<figure class=\"alignright size-large is-resized\"><img loading=\"lazy\" decoding=\"async\" width=\"1024\" height=\"683\" src=\"http:\/\/shop.lescilsdukio.fr\/wp-content\/uploads\/2024\/02\/292373421_10159412248843952_5639998072743369573_n-1024x683.png\" alt=\"\" class=\"wp-image-509\" style=\"width:341px;height:auto\" srcset=\"https:\/\/shop.lescilsdukio.fr\/wp-content\/uploads\/2024\/02\/292373421_10159412248843952_5639998072743369573_n-1024x683.png 1024w, https:\/\/shop.lescilsdukio.fr\/wp-content\/uploads\/2024\/02\/292373421_10159412248843952_5639998072743369573_n-300x200.png 300w, https:\/\/shop.lescilsdukio.fr\/wp-content\/uploads\/2024\/02\/292373421_10159412248843952_5639998072743369573_n-768x512.png 768w, https:\/\/shop.lescilsdukio.fr\/wp-content\/uploads\/2024\/02\/292373421_10159412248843952_5639998072743369573_n-425x283.png 425w, https:\/\/shop.lescilsdukio.fr\/wp-content\/uploads\/2024\/02\/292373421_10159412248843952_5639998072743369573_n.png 1476w\" sizes=\"auto, (max-width: 1024px) 100vw, 1024px\" \/><\/figure>\n<\/div><\/div>\n\n\n\n<div class=\"wp-block-column is-layout-flow wp-block-column-is-layout-flow\">\n<p><\/p>\n\n\n\n<p style=\"font-size:14px\"><strong>Kalian Lo<\/strong><br><a href=\"mailto:hello@lescilsdukio.fr\">hello@lescilsdukio.fr<\/a><br>+336292501<\/p>\n<\/div>\n<\/div>\n\n\n\n<p><\/p>\n","protected":false},"excerpt":{"rendered":"<p>Nos engagements \u27b3&nbsp;Nous avons le go\u00fbt des autres et de la rencontre \u27b3 Nous avons une approche documentaire et artistique du travail d&#8217;illustration \u27b3 Nous c\u00e9l\u00e9brons&nbsp;le Beau et la Po\u00e9sie des diff\u00e9rents parcours de vie&nbsp; \u27b3&nbsp;Nous pr\u00f4nons la qualit\u00e9, la cr\u00e9ativit\u00e9, et le sur-mesure \u27b3 Nous assurons la cha\u00eene compl\u00e8te de l&#8217;\u00e9dition de votre livre [&hellip;]<\/p>\n","protected":false},"author":1,"featured_media":0,"parent":0,"menu_order":0,"comment_status":"closed","ping_status":"closed","template":"template-home.php","meta":{"footnotes":""},"class_list":["post-185","page","type-page","status-publish","hentry"],"_links":{"self":[{"href":"https:\/\/shop.lescilsdukio.fr\/index.php\/wp-json\/wp\/v2\/pages\/185","targetHints":{"allow":["GET"]}}],"collection":[{"href":"https:\/\/shop.lescilsdukio.fr\/index.php\/wp-json\/wp\/v2\/pages"}],"about":[{"href":"https:\/\/shop.lescilsdukio.fr\/index.php\/wp-json\/wp\/v2\/types\/page"}],"author":[{"embeddable":true,"href":"https:\/\/shop.lescilsdukio.fr\/index.php\/wp-json\/wp\/v2\/users\/1"}],"replies":[{"embeddable":true,"href":"https:\/\/shop.lescilsdukio.fr\/index.php\/wp-json\/wp\/v2\/comments?post=185"}],"version-history":[{"count":28,"href":"https:\/\/shop.lescilsdukio.fr\/index.php\/wp-json\/wp\/v2\/pages\/185\/revisions"}],"predecessor-version":[{"id":1316,"href":"https:\/\/shop.lescilsdukio.fr\/index.php\/wp-json\/wp\/v2\/pages\/185\/revisions\/1316"}],"wp:attachment":[{"href":"https:\/\/shop.lescilsdukio.fr\/index.php\/wp-json\/wp\/v2\/media?parent=185"}],"curies":[{"name":"wp","href":"https:\/\/api.w.org\/{rel}","templated":true}]}}