{"id":3,"date":"2024-01-05T16:07:15","date_gmt":"2024-01-05T15:07:15","guid":{"rendered":"http:\/\/shop.lescilsdukio.fr\/?page_id=3"},"modified":"2024-01-19T14:06:37","modified_gmt":"2024-01-19T13:06:37","slug":"politique-de-confidentialite","status":"publish","type":"page","link":"https:\/\/shop.lescilsdukio.fr\/index.php\/politique-de-confidentialite\/","title":{"rendered":"Politique de confidentialit\u00e9"},"content":{"rendered":"\n<h2 class=\"wp-block-heading\">Qui sommes-nous&nbsp;?<\/h2>\n\n\n\n<p>L\u2019adresse de notre site est\u00a0: http:\/\/shop.lescilsdukio.fr, h\u00e9berg\u00e9 par <a href=\"http:\/\/hostinger.fr\" data-type=\"link\" data-id=\"hostinger.fr\">hostinger.fr<\/a>  <\/p>\n\n\n\n<p>Les Cils d&#8217;Ukio EDITIONS \/ Impasse du Clo\u00eetre, 30600 Beauvoisin \/ 06 29 25 62 01 \/ hello@lescilsdukio.fr <\/p>\n\n\n\n<hr class=\"wp-block-separator has-alpha-channel-opacity\"\/>\n\n\n\n<p>Chez LesCils d&#8217;Ukio, nous traitons nos clients avec beaucoup de respect. Il en va de m\u00eame pour vos informations personnelles. Toutes les informations personnelles que vous avez partag\u00e9es avec nous sont conserv\u00e9es en toute s\u00e9curit\u00e9, afin de vous offrir le meilleur service possible. Nous ne vendrons jamais vos informations personnelles \u00e0 d\u2019autres entreprises. <\/p>\n\n\n\n<hr class=\"wp-block-separator has-alpha-channel-opacity\"\/>\n\n\n\n<h2 class=\"wp-block-heading\">Utilisation des donn\u00e9es personnelles collect\u00e9es<\/h2>\n\n\n\n<p><\/p>\n\n\n\n<h3 class=\"wp-block-heading\">Newsletter<\/h3>\n\n\n\n<p>Pour vous inscrire \u00e0 notre newsletter, vous devez renseigner votre adresse email, pr\u00e9nom et nom de famille. Ces informations sont conserv\u00e9es en toute s\u00e9curit\u00e9 par Mailchimp, notre logiciel d\u2019envoi des newsletter en conformit\u00e9 avec la RGPD. Pour en savoir plus, veuillez consulter&nbsp;<a href=\"https:\/\/mailchimp.com\/legal\/?_ga=2.107801989.682508933.1526979216-1262310269.1526461588\" target=\"_blank\" rel=\"noreferrer noopener\">la politique de confidentialit\u00e9 de Mailchimp<\/a>.<\/p>\n\n\n\n<p>Ces informations sont conserv\u00e9es afin de nous permettre de vous envoyer une newsletter de temps \u00e0 autre. Ces newsletters partagent nos actualit\u00e9s (expositions, lancement d&#8217;un livre, \u00e9v\u00e8nements&#8230;) Ces donn\u00e9es sont uniquement accessibles par Les Cils d&#8217;Ukio et ne seront jamais c\u00e9d\u00e9es \u00e0 une entit\u00e9 ext\u00e9rieure.<\/p>\n\n\n\n<p>Vous pouvez vous d\u00e9sinscrire \u00e0 tout moment en cliquant sur le lien \u00ab\u00a0se d\u00e9sinscrire\u00a0\u00bb en bas de chaque email ou en nous envoyant un email sur\u00a0<a href=\"mailto:hello@lescilsdukio.fr\" target=\"_blank\" rel=\"noreferrer noopener\">hello@lescilsdukio.fr<\/a><\/p>\n\n\n\n<hr class=\"wp-block-separator has-alpha-channel-opacity\"\/>\n\n\n\n<h3 class=\"wp-block-heading\">Achats en ligne<\/h3>\n\n\n\n<p>En passant commande sur notre site internet, vous devez renseigner vos noms, pr\u00e9noms, adresse email et adresse postale. Ces informations sont conserv\u00e9es en toute s\u00e9curit\u00e9 par Woocommerce, notre plateforme de e-commerce&nbsp;en conformit\u00e9 avec la RGPD. <\/p>\n\n\n\n<p>Ces informations sont conserv\u00e9es afin de nous permettre de vous envoyer vos commandes. Ces donn\u00e9es sont uniquement accessibles par Les Cils d&#8217;Ukio et ne seront jamais c\u00e9d\u00e9es \u00e0 une entit\u00e9 ext\u00e9rieure.<\/p>\n\n\n\n<p>En passant commande sur notre site internet, vous devrez \u00e9galement renseigner des informations de paiement via la plateforme s\u00e9curis\u00e9e Stripe. Les Cils d&#8217;Ukio ne conserve aucune donn\u00e9e et n\u2019a pas acc\u00e8s \u00e0 ces informations bancaires. Pour en savoir plus,&nbsp;consultez les politiques de confidentialit\u00e9 de&nbsp;<a href=\"https:\/\/stripe.com\/gb\/privacy\">Stripe<\/a>.<\/p>\n\n\n\n<hr class=\"wp-block-separator has-alpha-channel-opacity\"\/>\n\n\n\n<h3 class=\"wp-block-heading\">Contenus<\/h3>\n\n\n\n<p>La consultation de notre boutique en ligne ne n\u00e9cessite pas d\u2019inscription ni d\u2019identification pr\u00e9alable. Elle peut s\u2019effectuer sans que vous ne communiquiez de donn\u00e9es nominatives vous concernant (nom, pr\u00e9nom, adresse, etc). Nous ne proc\u00e9dons \u00e0 aucun enregistrement de donn\u00e9es nominatives pour la simple consultation du Site.<\/p>\n\n\n\n<p>Notre&nbsp;site est g\u00e9r\u00e9 par WordPress.&nbsp;Vous pouvez consulter la&nbsp;<a href=\"https:\/\/en-gb.wordpress.org\/about\/privacy\/\">politique de confidentialit\u00e9 de WordPress<\/a>.<\/p>\n\n\n\n<hr class=\"wp-block-separator has-alpha-channel-opacity\"\/>\n\n\n\n<h3 class=\"wp-block-heading\">S\u00e9curit\u00e9<\/h3>\n\n\n\n<p>Notre site&nbsp;internet utilise la technologie&nbsp;https, qui&nbsp;encrypte toutes les informations qui transitent entre vos appareils et le site internet. Nos certificats SSL vous assurent que les pages que vous visitez proviennent bien de notre site et permettent ainsi d\u2019\u00e9viter la fraude.<\/p>\n\n\n\n<hr class=\"wp-block-separator has-alpha-channel-opacity\"\/>\n\n\n\n<h3 class=\"wp-block-heading\">Droits des utilisateurs<\/h3>\n\n\n\n<p>\u00c0 tout moment, les utilisateurs ont les droits suivants : droit d\u2019acc\u00e8s, d\u2019opposition et d\u2019effacement sur l\u2019int\u00e9gralit\u00e9 de leurs donn\u00e9es. Il suffit de nous contacter sur <a href=\"mailto:hello@lescilsdukio.fr\" target=\"_blank\" rel=\"noreferrer noopener\">hello@lescilsdukio.fr<\/a>.<\/p>\n\n\n\n<hr class=\"wp-block-separator has-alpha-channel-opacity\"\/>\n\n\n\n<h2 class=\"wp-block-heading\">Informations de contact<\/h2>\n\n\n\n<p>Pour toute question suppl\u00e9mentaire au sujet de notre politique de confidentialit\u00e9, ou sur la mani\u00e8re dont nous utilisons vos donn\u00e9es,&nbsp;contactez nous sur <a href=\"mailto:hello@lescilsdukio.fr\">hello@lescilsdukio.fr<\/a>.<\/p>\n","protected":false},"excerpt":{"rendered":"<p>Qui sommes-nous&nbsp;? L\u2019adresse de notre site est\u00a0: http:\/\/shop.lescilsdukio.fr, h\u00e9berg\u00e9 par hostinger.fr Les Cils d&#8217;Ukio EDITIONS \/ Impasse du Clo\u00eetre, 30600 Beauvoisin \/ 06 29 25 62 01 \/ hello@lescilsdukio.fr Chez LesCils d&#8217;Ukio, nous traitons nos clients avec beaucoup de respect. Il en va de m\u00eame pour vos informations personnelles. Toutes les informations personnelles que vous [&hellip;]<\/p>\n","protected":false},"author":1,"featured_media":0,"parent":0,"menu_order":0,"comment_status":"closed","ping_status":"open","template":"","meta":{"footnotes":""},"class_list":["post-3","page","type-page","status-publish","hentry"],"_links":{"self":[{"href":"https:\/\/shop.lescilsdukio.fr\/index.php\/wp-json\/wp\/v2\/pages\/3","targetHints":{"allow":["GET"]}}],"collection":[{"href":"https:\/\/shop.lescilsdukio.fr\/index.php\/wp-json\/wp\/v2\/pages"}],"about":[{"href":"https:\/\/shop.lescilsdukio.fr\/index.php\/wp-json\/wp\/v2\/types\/page"}],"author":[{"embeddable":true,"href":"https:\/\/shop.lescilsdukio.fr\/index.php\/wp-json\/wp\/v2\/users\/1"}],"replies":[{"embeddable":true,"href":"https:\/\/shop.lescilsdukio.fr\/index.php\/wp-json\/wp\/v2\/comments?post=3"}],"version-history":[{"count":4,"href":"https:\/\/shop.lescilsdukio.fr\/index.php\/wp-json\/wp\/v2\/pages\/3\/revisions"}],"predecessor-version":[{"id":167,"href":"https:\/\/shop.lescilsdukio.fr\/index.php\/wp-json\/wp\/v2\/pages\/3\/revisions\/167"}],"wp:attachment":[{"href":"https:\/\/shop.lescilsdukio.fr\/index.php\/wp-json\/wp\/v2\/media?parent=3"}],"curies":[{"name":"wp","href":"https:\/\/api.w.org\/{rel}","templated":true}]}}