{"id":202,"date":"2024-01-06T11:19:43","date_gmt":"2024-01-06T10:19:43","guid":{"rendered":"http:\/\/shop.lescilsdukio.fr\/?post_type=product&#038;p=202"},"modified":"2024-07-04T19:43:30","modified_gmt":"2024-07-04T17:43:30","slug":"apashe-thomas","status":"publish","type":"product","link":"https:\/\/shop.lescilsdukio.fr\/index.php\/product\/apashe-thomas\/","title":{"rendered":"Apashe &#038; Thomas"},"content":{"rendered":"","protected":false},"excerpt":{"rendered":"<p>Promotion sur ce tirage 30x40cm contre-coll\u00e9 sur dibond, papier photo mat.<\/p>\n<p>C&#8217;est un tirage qui a servi pour mes expositions itin\u00e9rantes, il est l\u00e9g\u00e8rement us\u00e9 sur les bords, il n&#8217;en reste pas moins de belle qualit\u00e9.<\/p>\n<p>Un tirage photo qui cherche refuge dans un joli chez soi.<\/p>\n","protected":false},"featured_media":208,"template":"","meta":[],"product_brand":[],"product_cat":[15,23],"product_tag":[36,33,29],"class_list":{"0":"post-202","1":"product","2":"type-product","3":"status-publish","4":"has-post-thumbnail","6":"product_cat-promo","7":"product_cat-impression-dart","8":"product_tag-chevaux-camargue","9":"product_tag-guinguette-de-franquevaux","10":"product_tag-kalian-lo","11":"product_shipping_class-cc-simple","13":"first","14":"instock","15":"sale","16":"sold-individually","17":"shipping-taxable","18":"purchasable","19":"product-type-simple"},"_links":{"self":[{"href":"https:\/\/shop.lescilsdukio.fr\/index.php\/wp-json\/wp\/v2\/product\/202","targetHints":{"allow":["GET"]}}],"collection":[{"href":"https:\/\/shop.lescilsdukio.fr\/index.php\/wp-json\/wp\/v2\/product"}],"about":[{"href":"https:\/\/shop.lescilsdukio.fr\/index.php\/wp-json\/wp\/v2\/types\/product"}],"wp:featuredmedia":[{"embeddable":true,"href":"https:\/\/shop.lescilsdukio.fr\/index.php\/wp-json\/wp\/v2\/media\/208"}],"wp:attachment":[{"href":"https:\/\/shop.lescilsdukio.fr\/index.php\/wp-json\/wp\/v2\/media?parent=202"}],"wp:term":[{"taxonomy":"product_brand","embeddable":true,"href":"https:\/\/shop.lescilsdukio.fr\/index.php\/wp-json\/wp\/v2\/product_brand?post=202"},{"taxonomy":"product_cat","embeddable":true,"href":"https:\/\/shop.lescilsdukio.fr\/index.php\/wp-json\/wp\/v2\/product_cat?post=202"},{"taxonomy":"product_tag","embeddable":true,"href":"https:\/\/shop.lescilsdukio.fr\/index.php\/wp-json\/wp\/v2\/product_tag?post=202"}],"curies":[{"name":"wp","href":"https:\/\/api.w.org\/{rel}","templated":true}]}}