{"id":205,"date":"2024-01-05T11:30:01","date_gmt":"2024-01-05T10:30:01","guid":{"rendered":"http:\/\/shop.lescilsdukio.fr\/?post_type=product&#038;p=205"},"modified":"2024-07-04T19:43:42","modified_gmt":"2024-07-04T17:43:42","slug":"a-la-guinguette","status":"publish","type":"product","link":"https:\/\/shop.lescilsdukio.fr\/index.php\/product\/a-la-guinguette\/","title":{"rendered":"A la Guinguette"},"content":{"rendered":"","protected":false},"excerpt":{"rendered":"<p>Tirage 30x40cm contre-coll\u00e9 sur dibond prot\u00e9g\u00e9 par un film mat &#8220;toutes intemp\u00e9ries&#8221;.<\/p>\n<p>C&#8217;est un tirage qui a servi pour mes expositions itin\u00e9rantes, il est l\u00e9g\u00e8rement us\u00e9 sur les bords, il n&#8217;en reste pas moins de belle qualit\u00e9.<\/p>\n<p>Un tirage photo qui cherche refuge dans un joli chez soi.<\/p>\n","protected":false},"featured_media":209,"template":"","meta":[],"product_brand":[],"product_cat":[15,23],"product_tag":[36,33,29],"class_list":{"0":"post-205","1":"product","2":"type-product","3":"status-publish","4":"has-post-thumbnail","6":"product_cat-promo","7":"product_cat-impression-dart","8":"product_tag-chevaux-camargue","9":"product_tag-guinguette-de-franquevaux","10":"product_tag-kalian-lo","11":"product_shipping_class-cc-simple","13":"first","14":"instock","15":"sale","16":"sold-individually","17":"shipping-taxable","18":"purchasable","19":"product-type-simple"},"_links":{"self":[{"href":"https:\/\/shop.lescilsdukio.fr\/index.php\/wp-json\/wp\/v2\/product\/205","targetHints":{"allow":["GET"]}}],"collection":[{"href":"https:\/\/shop.lescilsdukio.fr\/index.php\/wp-json\/wp\/v2\/product"}],"about":[{"href":"https:\/\/shop.lescilsdukio.fr\/index.php\/wp-json\/wp\/v2\/types\/product"}],"wp:featuredmedia":[{"embeddable":true,"href":"https:\/\/shop.lescilsdukio.fr\/index.php\/wp-json\/wp\/v2\/media\/209"}],"wp:attachment":[{"href":"https:\/\/shop.lescilsdukio.fr\/index.php\/wp-json\/wp\/v2\/media?parent=205"}],"wp:term":[{"taxonomy":"product_brand","embeddable":true,"href":"https:\/\/shop.lescilsdukio.fr\/index.php\/wp-json\/wp\/v2\/product_brand?post=205"},{"taxonomy":"product_cat","embeddable":true,"href":"https:\/\/shop.lescilsdukio.fr\/index.php\/wp-json\/wp\/v2\/product_cat?post=205"},{"taxonomy":"product_tag","embeddable":true,"href":"https:\/\/shop.lescilsdukio.fr\/index.php\/wp-json\/wp\/v2\/product_tag?post=205"}],"curies":[{"name":"wp","href":"https:\/\/api.w.org\/{rel}","templated":true}]}}